{"id":423,"date":"2017-03-28T23:34:00","date_gmt":"2017-03-28T23:34:00","guid":{"rendered":"https:\/\/zlatan-ibrahimovic.org\/zlatan\/"},"modified":"2024-08-12T07:13:16","modified_gmt":"2024-08-12T07:13:16","slug":"zlatan","status":"publish","type":"page","link":"https:\/\/zlatan-ibrahimovic.org\/de\/","title":{"rendered":"ZLATAN IBRAHIMOVIC"},"content":{"rendered":"\n<p>Wer sich mit den begabtesten und bekanntesten St\u00fcrmern im Profifu\u00dfball besch\u00e4ftigt, der kommt an dem Namen&nbsp;Zlatan Ibrahimovic&nbsp;nicht vorbei. Der f\u00fcr seinen akrobatischen Spielstil bekannte Schwede steht nicht nur f\u00fcr eine der erfolgreichsten Karrieren als Profi-Fu\u00dfballer.&nbsp;Zlatan Ibrahimovic&nbsp;machte sich auch durch seine Pers\u00f6nlichkeit und seine Showman-Qualit\u00e4ten einen Namen. Im Folgenden m\u00f6chten wir einmal die Karriere und die H\u00f6hepunkte des selbstbewussten Schweden im Detail beleuchten.<\/p>\n\n\n\n<h2 class=\"wp-block-heading\">Fr\u00fches Leben<\/h2>\n\n\n\n<p>Zlatan Ibrahimovic&nbsp;wurde im Jahre 1981 im schwedischen Malm\u00f6 geboren. Seine Eltern stammen aus Bosnien und Kroatien, die urspr\u00fcnglich 1977 nach Schweden emigrierten. Wie seine Mutter identifiziert sich&nbsp;Zlatan Ibrahimovic&nbsp;als r\u00f6mischer Katholik. Bereits im Alter von 6 Jahren begann er mit dem Fu\u00dfballspiel, nachdem er ein Paar Fu\u00dfballschuhe als Geschenk erhalten hatte. Die fr\u00fche Jugend von&nbsp;Zlatan Ibrahimovic&nbsp;kann bestenfalls als kompliziert und wenig idyllisch beschrieben werden. Seine Eltern lie\u00dfen sich scheiden, was die finanzielle Situation in beiden Haushalten stark belastete. Zlatan hat insgesamt 5 Geschwister. Da er sich oftmals gegen\u00fcber Mitspielern aus der Mittelklasse minderwertig f\u00fchlte, entwickelte er eine starke Motivation und absoluten Siegeswillen.&nbsp;Zlatan Ibrahimovic&nbsp;wollte es allen zeigen, was ihm schlie\u00dflich auch gelang.<\/p>\n\n\n\n<h2 class=\"wp-block-heading\">Karriere als Amateur<\/h2>\n\n\n\n<p>Nachdem&nbsp;Zlatan Ibrahimovic&nbsp;bereits in jungen Jahren mit dem Fu\u00dfballspiel begonnen hatte, wechselte er in Malm\u00f6zwischen verschiedenen Klubs. Dazu z\u00e4hlt zum Beispiel der FBK Balkan, der sich aus jugoslawischen Immigranten zusammensetzt, der Club Malm\u00f6 BI und schlie\u00dflich der Club BK Flagg. Bereits im fr\u00fchen Teenageralter geh\u00f6rte er allerdings als Stammspieler bereits zu Malm\u00f6 FF, dem Hauptklub seines Heimatortes. Er beendete seine Karriere beinahe im Alter von 15 Jahren, um eine Karriere als Dockarbeiter zu beginnen. Sein Trainer \u00fcberzeugte ihn allerdings, am Ball zu bleiben.<\/p>\n\n\n\n<h2 class=\"wp-block-heading\">Karriere als Profi-Fu\u00dfballer<\/h2>\n\n\n\n<p>Zlatan Ibrahimovic&nbsp;feierte sowohl im Clubfu\u00dfball als auch auf der internationalen B\u00fchne sensationelle Erfolge. Deswegen haben wir im Folgenden einmal den Verlauf seiner beispiellosen Karriere aufgelistet.<\/p>\n\n\n\n<h2 class=\"wp-block-heading\">Clubkarriere<\/h2>\n\n\n\n<h3 class=\"wp-block-heading\">Malm\u00f6 FF<\/h3>\n\n\n\n<p>Als Teenager geh\u00f6rte&nbsp;Zlatan Ibrahimovic&nbsp;bereits zur Jugend von Malm\u00f6 FF und hier unterschrieb er dann im Jahre 1996 auch seinen ersten Vertrag als professioneller Fu\u00dfballer. In diesem Jahr rutschte der Verein zwar in die zweite Liga ab, kehrte aber sofort danach in die Alisvenskan, die schwedische Bundesliga, zur\u00fcck. Zu diesem Zeitpunkt wurden internationale Talentscouts bereits auf Zlatan aufmerksam. Der technische Direktor von Ajax Amsterdam, Leo Beenhakker, bekundete ein gesteigertes Interesse an dem jungen Talent und ein Angebot lies nicht lange auf sich warten. Zlatan wechselte f\u00fcr eine Abl\u00f6sesumme von etwa 8 Millionen Euro zu Ajax Amsterdam.<\/p>\n\n\n\n<h3 class=\"wp-block-heading\">Ajax<\/h3>\n\n\n\n<p>In den ersten Jahren in Amsterdam erhielt&nbsp;Zlatan Ibrahimovic&nbsp;relativ wenig Spielzeit, was sich nach einem Trainerwechsel allerdings schlagartig \u00e4ndern sollte. Er stieg in die Startelf auf und konnte sogleich mit zwei Treffern gegen den franz\u00f6sischen Meister Lyon in einem Spiel in der Champions League \u00fcberzeugen. Die Welt wurde wach, wenn es um das Talent von Zlatan ging. Im Jahre 2004 gelang ihm sogar das Erzielen des Tors des Jahres, als er sich gegen NAC Breda im Alleingang gegen 5 Verteidiger durchsetzte.<\/p>\n\n\n\n<h3 class=\"wp-block-heading\">Juventus Turin<\/h3>\n\n\n\n<p>Dem Aufstieg von Zlatan stand nun nichts mehr im Wege. F\u00fcr eine Abl\u00f6sesumme wechselte er zu Juventus Turin, wo er sich sogleich in der Startelf wiederfand. In der ersten Saison erzielte er 16 Tore. Das Team gewann die Serie A und zog sogar ins Viertelfinale der Champions League ein. In diesem Jahr gewann er au\u00dferdem den Titel der Serie A f\u00fcr den besten ausl\u00e4ndischen Spieler und den Guldbollen, einen schwedischen Fu\u00dfballpreis. Durch die folgenden Jahre wurde es etwas stiller um Zlatan, da er mehr in einer unterst\u00fctzenden Position eingesetzt wurde. Nachdem Juventus aufgrund des Calciopoli-Skandals in die Serie B degradiert wurde, zog es den Schweden weiter zum n\u00e4chsten Club.<\/p>\n\n\n\n<h3 class=\"wp-block-heading\">Inter Mailand<\/h3>\n\n\n\n<p>F\u00fcr eine Abl\u00f6sesumme von 24 Millionen Euro f\u00fchrte ihn sein Weg als N\u00e4chstes nach Mailand. In 3 Saisons erzielte er 88 Tore f\u00fcr den Club. Bei allen 3 Saisons gelang es dem Team, die Meisterschaft zu gewinnen. Dazu kamen zudem der Gewinn der Supercoppa Italiana und mehrere Einzelehrungen. So wurde&nbsp;Zlatan Ibrahimovic&nbsp;in der Saison 2007-2008 zum Serie Fu\u00dfballer des Jahres und Ausl\u00e4ndischer Fu\u00dfballer des Jahres gek\u00fcrt.<\/p>\n\n\n\n<h3 class=\"wp-block-heading\">Barcelona<\/h3>\n\n\n\n<p>Nach l\u00e4ngeren Verhandlungen, die auch andere Spieler involvierten, ging es f\u00fcr Zlatan anschlie\u00dfend nach Barcelona und unter die Rigide von Pep Guardiola. Die Abl\u00f6sesumme belief sich am Ende auf 69.5 Millionen Euro. Sein Einstand fand in der Saison 2009-2010 statt. Im ersten Spiel unterst\u00fctzte er ein Tor von Lionel Messi. Die erste Saison endete mit Barcelona\u00b4s Gewinn des 2009 FIFA Club World Cup. Die Saison verlief generell erfolgreich f\u00fcr Zlatan und Barcelona, allerdings zeigten sich immer mehr Reibungspunkte mit dem Trainer Pep Guardiola. Zlatan f\u00fchlte sich eingeengt und war der Ansicht, dass er nicht frei war, zu seinem vollsten Potenzial zu spielen. Mehr \u00fcber Barcelona und seine Rivalit\u00e4t mit Real Madrid k\u00f6nnen Sie hier auf <a href=\"https:\/\/barcelonagegenrealmadrid.com\/\" target=\"_blank\" rel=\"noreferrer noopener\">barcelonagegenrealmadrid.com<\/a> lesen.<\/p>\n\n\n\n<h3 class=\"wp-block-heading\">AC Milan<\/h3>\n\n\n\n<p>Barcelona entschloss sich,&nbsp;Zlatan Ibrahimovic&nbsp;in der n\u00e4chsten Saison an AC Milan auszuleihen. Dabei beinhaltete der Vertrag eine Klausel, dass der Club Zlatan f\u00fcr 24 Millionen Euro auch sofort kaufen k\u00f6nne. Das geschah dann auch tats\u00e4chlich und der Wechsel war komplett. In der n\u00e4chsten Saison spielte er solide und traf das Tor regelm\u00e4\u00dfig. Zwar beendete er mehrere Saisons als der Torsch\u00fctzenk\u00f6nig, allerdings konnte er hier keine nennenswerten Titel gewinnen.<\/p>\n\n\n\n<h3 class=\"wp-block-heading\">Paris Saint-Germain<\/h3>\n\n\n\n<p>Der n\u00e4chste Wechsel stand f\u00fcr die Saison 2012 ins Haus, als Zlatan f\u00fcr 20 Millionen Euro nach Paris umzog, um dort f\u00fcr Saint-Germain zu spielen. Ab hier z\u00e4hlte er bereits zu den bestbezahlten Fu\u00dfballern weltweit. Gleich in der ersten Saison gewann der Club die franz\u00f6sische Meisterschaft und zog ins Viertelfinale der Champions League ein. Auch in der n\u00e4chsten Saison konnte Zlatan mit Paris die Ligue 1 gewinnen und war au\u00dferdem erneut Torsch\u00fctzenk\u00f6nig. Die Saison 2014 war besonders erfolgreich, da Paris Saint-Germain insgesamt 4 nationale Titel gewann und Zlatan zum Zweitplatzierten in der Rangliste der Top-Torsch\u00fctzen des Clubs aufstieg. Seine letzte Saison in Paris beendete der Schwede dann als der unangefochtene Torsch\u00fctzenk\u00f6nig des Clubs.<\/p>\n\n\n\n<h3 class=\"wp-block-heading\">Manchester United<\/h3>\n\n\n\n<p>Als Free Agent zog es Zlatan dann \u00fcber den \u00c4rmelkanal nach England, genauer gesagt zum Team Manchester United. Angeblich betrug sein Gehalt 200.000 britische Pfund pro Woche. In der ersten Saison gewann er mit dem 2016 FA Community Shield seinen 10. nationalen Titel im 5. Land. Durch sagenhaftes Timing erziehlte er au\u00dferdem das 25.000ste Tor in der Geschichte der Premier League. Gegen Ajax Amsterdam gewann er schlie\u00dflich seinen ersten Europ\u00e4ischen Titel mit dem Finale der Europa League. Er blieb noch eine weitere Saison bei Manchester, die aber relativ ereignislos verlief.<\/p>\n\n\n\n<h3 class=\"wp-block-heading\">LA Galaxy<\/h3>\n\n\n\n<p>Viele Spieler zieht es zum Ende der Karriere nach Amerika und so trat auch&nbsp;Zlatan Ibrahimovic&nbsp;den langen Flug nach Los Angeles an. Dort sollte er insgesamt 2 Saisons lang verbleiben. 2018 gewann er mehrere Ehrungen, wie den MLS Newcomer of the Year und das MLS Goal of the Year. Er konnte in dieser Saison au\u00dferdem sein 500. Tor erzielen. Die Saison 2019 bestritt Zlatan schlie\u00dflich als Kapit\u00e4n des Teams. In diesem Jahr \u00fcbertraf er den Spieler Gunnar Jordal als der schwedische Fu\u00dfballer mit den meisten Toren. Trotz eines Einzugs in die Playoffs beendete er sein Engagement bei LA Galaxy nach dieser Saison.<\/p>\n\n\n\n<h3 class=\"wp-block-heading\">AC Milan<\/h3>\n\n\n\n<p>Zum Abschluss seiner aktiven Karriere als Club-Fu\u00dfballer kam Zlatan zur\u00fcck in seine alte Heimat, den AC Milan. Gleich in der ersten Saison stellte er einen Rekord auf, da er mit 39 Jahren als \u00e4ltester Spieler in der Geschichte der Serie A ein Tor erzielte. In der zweiten Saison wurde AC Milan\u00b4s Gewinn der Meisterschaft durch die Unterst\u00fctzung von Zlatan beim entscheidenden Tor besiegelt.&nbsp;Zlatan Ibrahimovic&nbsp;blieb noch eine weitere Saison bei AC Milan, bevor er seinen R\u00fccktritt bekannt gab.<\/p>\n\n\n\n<h2 class=\"wp-block-heading\">Internationale Karriere<\/h2>\n\n\n\n<p>Obwohl seine sportlichen Erfolge in erster Linie im Clubfu\u00dfball stattfanden, gewann Zlatan seinen gr\u00f6\u00dften Ruhm als Mitglied der schwedischen Nationalmannschaft. Seine erste Teilnahme an der WM fand 2002 statt. 2004 kam dann die erste UEFA Europameisterschaft, bei der Schweden ins Viertelfinale einzog. Bei der WM 2006 konnte sich Schweden allerdings nicht bis in die Knockout-Phase retten. Im Vorfeld der EM 2008 kam es zu einer Kontroverse mit dem Trainer des schwedischen Teams, weswegen Zlatan die Teilnahme an mehreren Spielen verweigerte. Bei der EM selbst war er allerdings wieder auf dem Platz. Aus der Gruppenphase schaffte es das Team aber auch hier nicht heraus. \u00c4hnlich verlief die EM 2012. Die WM 2014 blieb f\u00fcr Schweden erfolglos und nach der EM 2016 erkl\u00e4rte&nbsp;Zlatan Ibrahimovic&nbsp;offiziell seinen R\u00fccktritt als Nationalspieler.<\/p>\n\n\n\n<h2 class=\"wp-block-heading\">Nach Ende der Sportkarriere<\/h2>\n\n\n\n<p>Zlatan ist inzwischen nicht mehr als Spieler aktiv. Langweilig wird ihm aber sicherlich nicht werden, denn der AC Milan, wo er einige seiner gr\u00f6\u00dften Erfolge feierte, stellte den Superstar als Berater ein. Zlatan ist seitdem eng in die organisatorischen Belange des Clubs eingebunden, obwohl er offiziell nicht zum Management-Team geh\u00f6rt. Er erwarb au\u00dferdem 23.5 % der Anteile am schwedischen Fu\u00dfball-Club Hammarby FF. Zlatan ist nach wie vor stark in den sozialen Medien pr\u00e4sent, macht aber deutlich, dass er sich dem Sport nach wie vor eng verbunden f\u00fchlt. Anhaltende Ger\u00fcchte sprechen auch von einer R\u00fcckkehr zur schwedischen Nationalmannschaft.<\/p>\n\n\n\n<h2 class=\"wp-block-heading\">Preise und Errungenschaften<\/h2>\n\n\n\n<p>Zlatan Ibrahimovic&nbsp;hat eine illustre Karriere auf dem Fu\u00dfballfeld hinter sich, die mit zahlreichen Preisen und Troph\u00e4en gek\u00fcrt wurde. So wurde er insgesamt 15 mal zum Fu\u00dfballer des Jahres gew\u00e4hlt. Bei Paris Saint-Germain konnte er den Titel des Spielers des Jahres insgesamt 3 mal f\u00fcr sich entscheiden. Insgesamt 6 mal und in 3 verschiedenen Ligen war er zudem der Torsch\u00fctzenk\u00f6nig. Mit 18 verschiedenen Titeln, von denen&nbsp;Zlatan Ibrahimovic&nbsp;einige mehrfach gewann, geh\u00f6rt er zu den am meisten dekorierten Fu\u00dfballern aller Zeiten. Zwar entgingen ihm die ganz gro\u00dfen Titel wie die Weltmeisterschaft, aber das tat seinem Ruhm und dem Erfolg seiner Karriere keinen Abbruch.<\/p>\n\n\n\n<h2 class=\"wp-block-heading\">Zlatan auf dem Feld<\/h2>\n\n\n\n<p>Wer Zlatan einmal spielen gesehen hat, der wei\u00df: der Stil des Schweden ist schwer in Worte zu fassen. Athletisch beschreibt es noch am ehesten, denn der St\u00fcrmer setzt seine eindrucksvolle Physis gekonnt zu seinem Vorteil ein. Dabei blitzt immer wieder eine brillante Akrobatik auf, die ihn vom Rest des Feldes abhebt. So gilt der Fallr\u00fcckzieher als sein Markenzeichen. Auch wenn diese spektakul\u00e4ren Momente am meisten in Erinnerung bleiben, ist Zlatan mehr als nur ein Akrobat. Er gilt als einer der vielseitigsten Spieler, der \u00fcber eine besonders hohe Spielintelligenz verf\u00fcgt, auch mit dem R\u00fccken zum Tor. Seine Agilit\u00e4t und Schnelligkeit helfen ihm im Zweikampf und beim Zug zum Tor. Er trifft gleicherma\u00dfen mit Kopf und Fu\u00df und verf\u00fcgt \u00fcber eine hohe Pr\u00e4zision auch auf gr\u00f6\u00dfere Distanzen.<\/p>\n\n\n\n<h2 class=\"wp-block-heading\">Weitere Projekte<\/h2>\n\n\n\n<p>Mit der Hilfe seines Sponsors Nike errichtete Zlatan in seiner Heimatstadt Malm\u00f6 den Zlatan Court, einen \u00f6ffentlichen Fu\u00dfballplatz, an dem Jugendliche kostenfrei den Sport aus\u00fcben k\u00f6nnen. Dar\u00fcber hinaus spendierte er seinem ehemaligen Club FBK Balkan im Jahre 2008 auf eigene Kosten eine komplett neue Ausstattung an Trikots. 2019 enth\u00fcllte die Stadt Malm\u00f6 eine Statue zu Ehren Zlatans. Sie wurde vom schwedischen K\u00fcnstler Peter Linde geschaffen und wiegt \u00fcber 500 Kg.<\/p>\n\n\n\n<h2 class=\"wp-block-heading\">Privates<\/h2>\n\n\n\n<p>Zlatan Ibrahimovic&nbsp;ist nicht verheiratet, allerdings ist er bereits seit mehr als 20 Jahren mit seiner Partnerin Helena Seger verbunden. Das Paar hat zwei S\u00f6hne und unterh\u00e4lt ein Sommerhaus in Malm\u00f6. Zlatan spricht insgesamt 5 Sprachen flie\u00dfend, und zwar Schwedisch, Bosnisch, Englisch, Spanisch und Italienisch. Er hat einen Sponsorenvertrag mit Nike und tr\u00e4gt aufgrund dessen die Mercurial-Linie am Fu\u00df, wenn er auf den Platz geht. Das Geburtsdatum seiner S\u00f6hne l\u00e4sst er auf den Modellen eingravieren. Muhammad Ali ist eines seiner Vorbilder, ebenso wie der brasilianische Fu\u00dfball-Superstar Ronaldo. Mit 55 Millionen Followern auf Instagram hat er mehr Follower als jeder andere Schwede. Als Kind trainierte Zlatan im schwedischen Tae Kwon Do Club Enighet. Ehrenhalber bekam er den schwarzen G\u00fcrtel in der koreanischen Kampfsportart verliehen.<\/p>\n\n\n\n<h2 class=\"wp-block-heading\">Verm\u00e4chtnis<\/h2>\n\n\n\n<p>Zlatan Ibrahimovic&nbsp;ist nicht nur ein brillanter Fu\u00dfballspieler, sondern auch eine gro\u00dfe Pers\u00f6nlichkeit. Neben seinen Erfolgen war seine Karriere auch immer wieder von Kontroversen begleitet, die aber wenig von seinem Spiel und seinen Resultaten ablenkten. Denn auch wenn er das ein oder andere Mal starke Worte von sich gab, bot er im Anschluss daran immer eine absolute H\u00f6chstleistung. Er hat wie kaum ein anderer Fu\u00dfballer verstanden, dass das Publikum nicht nur den Sport an sich sch\u00e4tzt, sondern auch die Unterhaltung, die ihn begleitet. Und Zlatan war sich nie zu schade, zu dieser Unterhaltung beizutragen. Sein Hang zu akrobatischen Torsch\u00fcssen und absoluter Siegeswille machen ihn zu einer der prominentesten Figuren im modernen Fu\u00dfball.<\/p>\n","protected":false},"excerpt":{"rendered":"<p>Wer sich mit den begabtesten und bekanntesten St\u00fcrmern im Profifu\u00dfball besch\u00e4ftigt, der kommt an dem Namen&nbsp;Zlatan Ibrahimovic&nbsp;nicht vorbei. Der f\u00fcr seinen akrobatischen [&hellip;]<\/p>\n","protected":false},"author":1,"featured_media":0,"parent":0,"menu_order":0,"comment_status":"closed","ping_status":"closed","template":"","meta":{"footnotes":""},"class_list":["post-423","page","type-page","status-publish","hentry"],"yoast_head":"<!-- This site is optimized with the Yoast SEO plugin v27.0 - https:\/\/yoast.com\/product\/yoast-seo-wordpress\/ -->\n<title>ZLATAN IBRAHIMOVIC - Zlatan-Ibrahimovic.org<\/title>\n<meta name=\"description\" content=\"Zlatan Ibrahimovic ist nicht nur f\u00fcr sein K\u00f6nnen am Ball bekannt, sondern auch f\u00fcr seine Pers\u00f6nlichkeit. Wir stellen seine Karriere vor.\" \/>\n<meta name=\"robots\" content=\"index, follow, max-snippet:-1, max-image-preview:large, max-video-preview:-1\" \/>\n<link rel=\"canonical\" href=\"https:\/\/zlatan-ibrahimovic.org\/de\/\" \/>\n<meta property=\"og:locale\" content=\"de_DE\" \/>\n<meta property=\"og:type\" content=\"article\" \/>\n<meta property=\"og:title\" content=\"ZLATAN IBRAHIMOVIC - Zlatan-Ibrahimovic.org\" \/>\n<meta property=\"og:description\" content=\"Zlatan Ibrahimovic ist nicht nur f\u00fcr sein K\u00f6nnen am Ball bekannt, sondern auch f\u00fcr seine Pers\u00f6nlichkeit. Wir stellen seine Karriere vor.\" \/>\n<meta property=\"og:url\" content=\"https:\/\/zlatan-ibrahimovic.org\/de\/\" \/>\n<meta property=\"og:site_name\" content=\"Zlatan Ibrahimovic\" \/>\n<meta property=\"article:modified_time\" content=\"2024-08-12T07:13:16+00:00\" \/>\n<meta name=\"twitter:card\" content=\"summary_large_image\" \/>\n<meta name=\"twitter:label1\" content=\"Gesch\u00e4tzte Lesezeit\" \/>\n\t<meta name=\"twitter:data1\" content=\"11\u00a0Minuten\" \/>\n<script type=\"application\/ld+json\" class=\"yoast-schema-graph\">{\"@context\":\"https:\/\/schema.org\",\"@graph\":[{\"@type\":\"WebPage\",\"@id\":\"https:\/\/zlatan-ibrahimovic.org\/de\/\",\"url\":\"https:\/\/zlatan-ibrahimovic.org\/de\/\",\"name\":\"ZLATAN IBRAHIMOVIC - Zlatan-Ibrahimovic.org\",\"isPartOf\":{\"@id\":\"https:\/\/zlatan-ibrahimovic.org\/de\/#website\"},\"datePublished\":\"2017-03-28T23:34:00+00:00\",\"dateModified\":\"2024-08-12T07:13:16+00:00\",\"description\":\"Zlatan Ibrahimovic ist nicht nur f\u00fcr sein K\u00f6nnen am Ball bekannt, sondern auch f\u00fcr seine Pers\u00f6nlichkeit. Wir stellen seine Karriere vor.\",\"breadcrumb\":{\"@id\":\"https:\/\/zlatan-ibrahimovic.org\/de\/#breadcrumb\"},\"inLanguage\":\"de\",\"potentialAction\":[{\"@type\":\"ReadAction\",\"target\":[\"https:\/\/zlatan-ibrahimovic.org\/de\/\"]}]},{\"@type\":\"BreadcrumbList\",\"@id\":\"https:\/\/zlatan-ibrahimovic.org\/de\/#breadcrumb\",\"itemListElement\":[{\"@type\":\"ListItem\",\"position\":1,\"name\":\"Start\",\"item\":\"https:\/\/zlatan-ibrahimovic.org\/de\/\"},{\"@type\":\"ListItem\",\"position\":2,\"name\":\"ZLATAN IBRAHIMOVIC\"}]},{\"@type\":\"WebSite\",\"@id\":\"https:\/\/zlatan-ibrahimovic.org\/de\/#website\",\"url\":\"https:\/\/zlatan-ibrahimovic.org\/de\/\",\"name\":\"Zlatan Ibrahimovic\",\"description\":\"\",\"potentialAction\":[{\"@type\":\"SearchAction\",\"target\":{\"@type\":\"EntryPoint\",\"urlTemplate\":\"https:\/\/zlatan-ibrahimovic.org\/de\/?s={search_term_string}\"},\"query-input\":{\"@type\":\"PropertyValueSpecification\",\"valueRequired\":true,\"valueName\":\"search_term_string\"}}],\"inLanguage\":\"de\"}]}<\/script>\n<!-- \/ Yoast SEO plugin. -->","yoast_head_json":{"title":"ZLATAN IBRAHIMOVIC - Zlatan-Ibrahimovic.org","description":"Zlatan Ibrahimovic ist nicht nur f\u00fcr sein K\u00f6nnen am Ball bekannt, sondern auch f\u00fcr seine Pers\u00f6nlichkeit. Wir stellen seine Karriere vor.","robots":{"index":"index","follow":"follow","max-snippet":"max-snippet:-1","max-image-preview":"max-image-preview:large","max-video-preview":"max-video-preview:-1"},"canonical":"https:\/\/zlatan-ibrahimovic.org\/de\/","og_locale":"de_DE","og_type":"article","og_title":"ZLATAN IBRAHIMOVIC - Zlatan-Ibrahimovic.org","og_description":"Zlatan Ibrahimovic ist nicht nur f\u00fcr sein K\u00f6nnen am Ball bekannt, sondern auch f\u00fcr seine Pers\u00f6nlichkeit. Wir stellen seine Karriere vor.","og_url":"https:\/\/zlatan-ibrahimovic.org\/de\/","og_site_name":"Zlatan Ibrahimovic","article_modified_time":"2024-08-12T07:13:16+00:00","twitter_card":"summary_large_image","twitter_misc":{"Gesch\u00e4tzte Lesezeit":"11\u00a0Minuten"},"schema":{"@context":"https:\/\/schema.org","@graph":[{"@type":"WebPage","@id":"https:\/\/zlatan-ibrahimovic.org\/de\/","url":"https:\/\/zlatan-ibrahimovic.org\/de\/","name":"ZLATAN IBRAHIMOVIC - Zlatan-Ibrahimovic.org","isPartOf":{"@id":"https:\/\/zlatan-ibrahimovic.org\/de\/#website"},"datePublished":"2017-03-28T23:34:00+00:00","dateModified":"2024-08-12T07:13:16+00:00","description":"Zlatan Ibrahimovic ist nicht nur f\u00fcr sein K\u00f6nnen am Ball bekannt, sondern auch f\u00fcr seine Pers\u00f6nlichkeit. Wir stellen seine Karriere vor.","breadcrumb":{"@id":"https:\/\/zlatan-ibrahimovic.org\/de\/#breadcrumb"},"inLanguage":"de","potentialAction":[{"@type":"ReadAction","target":["https:\/\/zlatan-ibrahimovic.org\/de\/"]}]},{"@type":"BreadcrumbList","@id":"https:\/\/zlatan-ibrahimovic.org\/de\/#breadcrumb","itemListElement":[{"@type":"ListItem","position":1,"name":"Start","item":"https:\/\/zlatan-ibrahimovic.org\/de\/"},{"@type":"ListItem","position":2,"name":"ZLATAN IBRAHIMOVIC"}]},{"@type":"WebSite","@id":"https:\/\/zlatan-ibrahimovic.org\/de\/#website","url":"https:\/\/zlatan-ibrahimovic.org\/de\/","name":"Zlatan Ibrahimovic","description":"","potentialAction":[{"@type":"SearchAction","target":{"@type":"EntryPoint","urlTemplate":"https:\/\/zlatan-ibrahimovic.org\/de\/?s={search_term_string}"},"query-input":{"@type":"PropertyValueSpecification","valueRequired":true,"valueName":"search_term_string"}}],"inLanguage":"de"}]}},"_links":{"self":[{"href":"https:\/\/zlatan-ibrahimovic.org\/de\/wp-json\/wp\/v2\/pages\/423","targetHints":{"allow":["GET"]}}],"collection":[{"href":"https:\/\/zlatan-ibrahimovic.org\/de\/wp-json\/wp\/v2\/pages"}],"about":[{"href":"https:\/\/zlatan-ibrahimovic.org\/de\/wp-json\/wp\/v2\/types\/page"}],"author":[{"embeddable":true,"href":"https:\/\/zlatan-ibrahimovic.org\/de\/wp-json\/wp\/v2\/users\/1"}],"replies":[{"embeddable":true,"href":"https:\/\/zlatan-ibrahimovic.org\/de\/wp-json\/wp\/v2\/comments?post=423"}],"version-history":[{"count":3,"href":"https:\/\/zlatan-ibrahimovic.org\/de\/wp-json\/wp\/v2\/pages\/423\/revisions"}],"predecessor-version":[{"id":437,"href":"https:\/\/zlatan-ibrahimovic.org\/de\/wp-json\/wp\/v2\/pages\/423\/revisions\/437"}],"wp:attachment":[{"href":"https:\/\/zlatan-ibrahimovic.org\/de\/wp-json\/wp\/v2\/media?parent=423"}],"curies":[{"name":"wp","href":"https:\/\/api.w.org\/{rel}","templated":true}]}}